{"id":262,"date":"2024-07-01T05:29:55","date_gmt":"2024-07-01T05:29:55","guid":{"rendered":"http:\/\/audalaxy.tomrott-design.de\/?page_id=262"},"modified":"2024-10-29T14:28:59","modified_gmt":"2024-10-29T14:28:59","slug":"training","status":"publish","type":"page","link":"http:\/\/audalaxy.tomrott-design.de\/en\/training","title":{"rendered":"Training"},"content":{"rendered":"","protected":false},"excerpt":{"rendered":"","protected":false},"author":1,"featured_media":0,"parent":0,"menu_order":0,"comment_status":"closed","ping_status":"closed","template":"","meta":{"footnotes":""},"class_list":["post-262","page","type-page","status-publish","hentry"],"yoast_head":"<!-- This site is optimized with the Yoast SEO plugin v26.8 - https:\/\/yoast.com\/product\/yoast-seo-wordpress\/ -->\n<title>Training - Audalaxy<\/title>\n<meta name=\"description\" content=\"Die Audalaxy-L\u00f6sungen sind die technische Basis f\u00fcr Organisationen und tragen eine gro\u00dfe Verantwortung. Es ist wichtig, dass sie korrekt und sicher genutzt werden. Lernen Sie die M\u00f6glichkeiten und den Umgang in Public- und Private Trainings.\" \/>\n<meta name=\"robots\" content=\"index, follow, max-snippet:-1, max-image-preview:large, max-video-preview:-1\" \/>\n<link rel=\"canonical\" href=\"http:\/\/audalaxy.tomrott-design.de\/en\/training\/\" \/>\n<meta property=\"og:locale\" content=\"en_US\" \/>\n<meta property=\"og:type\" content=\"article\" \/>\n<meta property=\"og:title\" content=\"Training\" \/>\n<meta property=\"og:description\" content=\"Add a description for facebook\" \/>\n<meta property=\"og:url\" content=\"http:\/\/audalaxy.tomrott-design.de\/en\/training\/\" \/>\n<meta property=\"og:site_name\" content=\"AUDALAXY\" \/>\n<meta property=\"article:modified_time\" content=\"2024-10-29T14:28:59+00:00\" \/>\n<meta name=\"twitter:card\" content=\"summary_large_image\" \/>\n<meta name=\"twitter:title\" content=\"Training\" \/>\n<meta name=\"twitter:description\" content=\"Add a description for twitter\" \/>\n<script type=\"application\/ld+json\" class=\"yoast-schema-graph\">{\"@context\":\"https:\/\/schema.org\",\"@graph\":[{\"@type\":\"WebPage\",\"@id\":\"http:\/\/audalaxy.tomrott-design.de\/training\",\"url\":\"http:\/\/audalaxy.tomrott-design.de\/training\",\"name\":\"Training - Audalaxy\",\"isPartOf\":{\"@id\":\"http:\/\/audalaxy.tomrott-design.de\/#website\"},\"datePublished\":\"2024-07-01T05:29:55+00:00\",\"dateModified\":\"2024-10-29T14:28:59+00:00\",\"description\":\"Die Audalaxy-L\u00f6sungen sind die technische Basis f\u00fcr Organisationen und tragen eine gro\u00dfe Verantwortung. Es ist wichtig, dass sie korrekt und sicher genutzt werden. Lernen Sie die M\u00f6glichkeiten und den Umgang in Public- und Private Trainings.\",\"breadcrumb\":{\"@id\":\"http:\/\/audalaxy.tomrott-design.de\/training#breadcrumb\"},\"inLanguage\":\"en-US\",\"potentialAction\":[{\"@type\":\"ReadAction\",\"target\":[\"http:\/\/audalaxy.tomrott-design.de\/training\"]}]},{\"@type\":\"BreadcrumbList\",\"@id\":\"http:\/\/audalaxy.tomrott-design.de\/training#breadcrumb\",\"itemListElement\":[{\"@type\":\"ListItem\",\"position\":1,\"name\":\"Startseite\",\"item\":\"http:\/\/audalaxy.tomrott-design.de\/\"},{\"@type\":\"ListItem\",\"position\":2,\"name\":\"Training\"}]},{\"@type\":\"WebSite\",\"@id\":\"http:\/\/audalaxy.tomrott-design.de\/#website\",\"url\":\"http:\/\/audalaxy.tomrott-design.de\/\",\"name\":\"AUDALAXY\",\"description\":\"simplify your digital audio and data\",\"potentialAction\":[{\"@type\":\"SearchAction\",\"target\":{\"@type\":\"EntryPoint\",\"urlTemplate\":\"http:\/\/audalaxy.tomrott-design.de\/?s={search_term_string}\"},\"query-input\":{\"@type\":\"PropertyValueSpecification\",\"valueRequired\":true,\"valueName\":\"search_term_string\"}}],\"inLanguage\":\"en-US\"}]}<\/script>\n<!-- \/ Yoast SEO plugin. -->","yoast_head_json":{"title":"Training - Audalaxy","description":"Audalaxy solutions provide the technical foundation for digital workflows and play a decisive role in their successful implementation. To ensure that they are used correctly and efficiently, we offer comprehensive training opportunities. Discover the full potential of our solutions and learn how to use them safely \u2013 in our public and private training courses.","robots":{"index":"index","follow":"follow","max-snippet":"max-snippet:-1","max-image-preview":"max-image-preview:large","max-video-preview":"max-video-preview:-1"},"canonical":"http:\/\/audalaxy.tomrott-design.de\/en\/training\/","og_locale":"en_US","og_type":"article","og_title":"Training","og_description":"Add a description for facebook","og_url":"http:\/\/audalaxy.tomrott-design.de\/en\/training\/","og_site_name":"AUDALAXY","article_modified_time":"2024-10-29T14:28:59+00:00","twitter_card":"summary_large_image","twitter_title":"Training","twitter_description":"Add a description for twitter","schema":{"@context":"https:\/\/schema.org","@graph":[{"@type":"WebPage","@id":"http:\/\/audalaxy.tomrott-design.de\/training","url":"http:\/\/audalaxy.tomrott-design.de\/training","name":"Training - Audalaxy","isPartOf":{"@id":"http:\/\/audalaxy.tomrott-design.de\/#website"},"datePublished":"2024-07-01T05:29:55+00:00","dateModified":"2024-10-29T14:28:59+00:00","description":"Audalaxy solutions provide the technical foundation for digital workflows and play a decisive role in their successful implementation. To ensure that they are used correctly and efficiently, we offer comprehensive training opportunities. Discover the full potential of our solutions and learn how to use them safely \u2013 in our public and private training courses.","breadcrumb":{"@id":"http:\/\/audalaxy.tomrott-design.de\/training#breadcrumb"},"inLanguage":"en-US","potentialAction":[{"@type":"ReadAction","target":["http:\/\/audalaxy.tomrott-design.de\/training"]}]},{"@type":"BreadcrumbList","@id":"http:\/\/audalaxy.tomrott-design.de\/training#breadcrumb","itemListElement":[{"@type":"ListItem","position":1,"name":"Startseite","item":"http:\/\/audalaxy.tomrott-design.de\/"},{"@type":"ListItem","position":2,"name":"Training"}]},{"@type":"WebSite","@id":"http:\/\/audalaxy.tomrott-design.de\/#website","url":"http:\/\/audalaxy.tomrott-design.de\/","name":"AUDALAXY","description":"simplify your digital audio and data","potentialAction":[{"@type":"SearchAction","target":{"@type":"EntryPoint","urlTemplate":"http:\/\/audalaxy.tomrott-design.de\/?s={search_term_string}"},"query-input":{"@type":"PropertyValueSpecification","valueRequired":true,"valueName":"search_term_string"}}],"inLanguage":"en-US"}]}},"_links":{"self":[{"href":"http:\/\/audalaxy.tomrott-design.de\/en\/wp-json\/wp\/v2\/pages\/262","targetHints":{"allow":["GET"]}}],"collection":[{"href":"http:\/\/audalaxy.tomrott-design.de\/en\/wp-json\/wp\/v2\/pages"}],"about":[{"href":"http:\/\/audalaxy.tomrott-design.de\/en\/wp-json\/wp\/v2\/types\/page"}],"author":[{"embeddable":true,"href":"http:\/\/audalaxy.tomrott-design.de\/en\/wp-json\/wp\/v2\/users\/1"}],"replies":[{"embeddable":true,"href":"http:\/\/audalaxy.tomrott-design.de\/en\/wp-json\/wp\/v2\/comments?post=262"}],"version-history":[{"count":2,"href":"http:\/\/audalaxy.tomrott-design.de\/en\/wp-json\/wp\/v2\/pages\/262\/revisions"}],"predecessor-version":[{"id":297,"href":"http:\/\/audalaxy.tomrott-design.de\/en\/wp-json\/wp\/v2\/pages\/262\/revisions\/297"}],"wp:attachment":[{"href":"http:\/\/audalaxy.tomrott-design.de\/en\/wp-json\/wp\/v2\/media?parent=262"}],"curies":[{"name":"wp","href":"https:\/\/api.w.org\/{rel}","templated":true}]}}